{"id":14,"date":"2020-11-28T12:06:38","date_gmt":"2020-11-28T12:06:38","guid":{"rendered":"http:\/\/kits.themecy.com\/food\/?page_id=14"},"modified":"2021-06-04T06:53:56","modified_gmt":"2021-06-04T06:53:56","slug":"contact","status":"publish","type":"page","link":"https:\/\/zoedesign.dk\/tech\/contact\/","title":{"rendered":"Contact"},"content":{"rendered":"\t\t<div data-elementor-type=\"wp-page\" data-elementor-id=\"14\" class=\"elementor elementor-14\" data-elementor-settings=\"[]\">\n\t\t\t\t\t\t\t<div class=\"elementor-section-wrap\">\n\t\t\t\t\t\t\t<section class=\"elementor-section elementor-top-section elementor-element elementor-element-66f1540e elementor-section-boxed elementor-section-height-default elementor-section-height-default\" data-id=\"66f1540e\" data-element_type=\"section\">\n\t\t\t\t\t\t\t<div class=\"elementor-background-overlay\"><\/div>\n\t\t\t\t\t\t\t<div class=\"elementor-container elementor-column-gap-default\">\n\t\t\t\t\t<div class=\"elementor-column elementor-col-100 elementor-top-column elementor-element elementor-element-63929849\" data-id=\"63929849\" data-element_type=\"column\">\n\t\t\t<div class=\"elementor-widget-wrap elementor-element-populated\">\n\t\t\t\t\t\t\t\t<section class=\"elementor-section elementor-inner-section elementor-element elementor-element-284d0ee0 elementor-section-boxed elementor-section-height-default elementor-section-height-default\" data-id=\"284d0ee0\" data-element_type=\"section\">\n\t\t\t\t\t\t<div class=\"elementor-container elementor-column-gap-default\">\n\t\t\t\t\t<div class=\"elementor-column elementor-col-50 elementor-inner-column elementor-element elementor-element-238c0187\" data-id=\"238c0187\" data-element_type=\"column\">\n\t\t\t<div class=\"elementor-widget-wrap elementor-element-populated\">\n\t\t\t\t\t\t\t\t<div class=\"elementor-element elementor-element-288fa2bd elementor-widget elementor-widget-heading\" data-id=\"288fa2bd\" data-element_type=\"widget\" data-widget_type=\"heading.default\">\n\t\t\t\t<div class=\"elementor-widget-container\">\n\t\t\t<h4 class=\"elementor-heading-title elementor-size-default\">contact us<\/h4>\t\t<\/div>\n\t\t\t\t<\/div>\n\t\t\t\t<div class=\"elementor-element elementor-element-62f5a990 elementor-widget elementor-widget-text-editor\" data-id=\"62f5a990\" data-element_type=\"widget\" data-widget_type=\"text-editor.default\">\n\t\t\t\t<div class=\"elementor-widget-container\">\n\t\t\t\t\t\t\t\t<p>If you have any questions, please go ahead and call us, email us or write in the form. We will reply asap<\/p>\t\t\t\t\t\t<\/div>\n\t\t\t\t<\/div>\n\t\t\t\t<div class=\"elementor-element elementor-element-7589e46 elementor-widget elementor-widget-text-editor\" data-id=\"7589e46\" data-element_type=\"widget\" data-widget_type=\"text-editor.default\">\n\t\t\t\t<div class=\"elementor-widget-container\">\n\t\t\t\t\t\t\t\t<p><strong>Customer service<\/strong><br \/>+48 91 350 7635<br \/>salessupport.one@voigt.com.pl<\/p><p><strong>Sales and Marketing<\/strong><br \/>Aneta Weso\u0142owska<br \/>+48 697 550 005<br \/>anetaj@voigt.com.pl<br \/><br \/>\u0141ukasz Makaru\u015b<br \/>+48 691 707 300<br \/>lukaszm@voigt.com.pl<br \/><br \/>\u0141ukasz Mazurek<br \/>+48 601 505 560<br \/>lukaszmazurek@voigt.com.pl<\/p>\t\t\t\t\t\t<\/div>\n\t\t\t\t<\/div>\n\t\t\t\t<div class=\"elementor-element elementor-element-35252a4 elementor-widget elementor-widget-text-editor\" data-id=\"35252a4\" data-element_type=\"widget\" data-widget_type=\"text-editor.default\">\n\t\t\t\t<div class=\"elementor-widget-container\">\n\t\t\t\t\t\t\t\t<p><strong>Company head office and production<\/strong><br \/>Voigt Promotion Sp. z o.o.<br \/>Ul. Fabryczna 37<br \/>72 \u2013 010 Police<br \/>Poland<\/p><p>tel. +48 91 350 7661<br \/>kontakt@voigt.com.pl<\/p>\t\t\t\t\t\t<\/div>\n\t\t\t\t<\/div>\n\t\t\t\t\t<\/div>\n\t\t<\/div>\n\t\t\t\t<div class=\"elementor-column elementor-col-50 elementor-inner-column elementor-element elementor-element-7e89608c\" data-id=\"7e89608c\" data-element_type=\"column\">\n\t\t\t<div class=\"elementor-widget-wrap elementor-element-populated\">\n\t\t\t\t\t\t\t\t<div class=\"elementor-element elementor-element-7d2c642 fluentform-widget-submit-button-left fluentform-widget-submit-button-custom elementor-widget elementor-widget-fluent-form-widget\" data-id=\"7d2c642\" data-element_type=\"widget\" data-widget_type=\"fluent-form-widget.default\">\n\t\t\t\t<div class=\"elementor-widget-container\">\n\t\t\t\n            <div class=\"fluentform-widget-wrapper fluentform-widget-align-default\">\n\n                \n                <div class='fluentform fluentform_wrapper_2'><form data-form_id=\"2\" id=\"fluentform_2\" class=\"frm-fluent-form fluent_form_2 ff-el-form-top ff_form_instance_2_1 ff-form-loading\" data-form_instance=\"ff_form_instance_2_1\" ><input type='hidden' name='__fluent_form_embded_post_id' value='14' \/><input type=\"hidden\" id=\"_fluentform_2_fluentformnonce\" name=\"_fluentform_2_fluentformnonce\" value=\"84ce6c1534\" \/><input type=\"hidden\" name=\"_wp_http_referer\" value=\"\/tech\/wp-json\/wp\/v2\/pages\/14\" \/><div data-type=\"name-element\" data-name=\"names\" class=\" ff-field_container ff-name-field-wrapper\" ><div class='ff-t-container'><div class='ff-t-cell '><div class='ff-el-group'><div class='ff-el-input--label ff-el-is-required asterisk-right'><label for='ff_2_names_first_name_'>Name<\/label> <\/div><div class='ff-el-input--content'><input type=\"text\" name=\"names[first_name]\" id=\"ff_2_names_first_name_\" class=\"ff-el-form-control\" ><\/div><\/div><\/div><\/div><\/div><div class='ff-el-group'><div class='ff-el-input--label ff-el-is-required asterisk-right'><label for='ff_2_email'>Email<\/label> <\/div><div class='ff-el-input--content'><input type=\"email\" name=\"email\" id=\"ff_2_email\" class=\"ff-el-form-control\" placeholder=\"you@domain.com\" data-name=\"email\" ><\/div><\/div><div class='ff-el-group'><div class='ff-el-input--label asterisk-right'><label for='ff_2_numeric-field_1'>Phone number<\/label> <\/div><div class='ff-el-input--content'><input type=\"number\" name=\"numeric-field_1\" id=\"ff_2_numeric-field_1\" class=\"ff-el-form-control\" data-name=\"numeric-field_1\" inputmode=\"numeric\" step=\"any\" ><\/div><\/div><div class='ff-el-group'><div class='ff-el-input--label asterisk-right'><label for='ff_2_department'>Department<\/label> <\/div><div class='ff-el-input--content'><select name=\"department\" id=\"ff_2_department\" class=\"ff-el-form-control\" data-name=\"department\" data-calc_value=\"0\" ><option value=\"\">- Select Department -<\/option><option value=\"Customer Service\"  >Customer Service<\/option><option value=\"Sales and Marketing\"  >Sales and Marketing<\/option><option value=\"Graphic Department\"  >Graphic Department<\/option><option value=\"General questions\"  >General questions<\/option><\/select><\/div><\/div><div class='ff-el-group'><div class='ff-el-input--label asterisk-right'><label for='ff_2_subject'>Subject<\/label> <\/div><div class='ff-el-input--content'><input type=\"text\" name=\"subject\" class=\"ff-el-form-control\" placeholder=\"Type your subject\" data-name=\"subject\" id=\"ff_2_subject\" ><\/div><\/div><div class='ff-el-group'><div class='ff-el-input--label asterisk-right'><label for='ff_2_description'>Description<\/label> <\/div><div class='ff-el-input--content'><textarea name=\"description\" id=\"ff_2_description\" class=\"ff-el-form-control\" rows=\"4\" cols=\"2\" data-name=\"description\" ><\/textarea><\/div><\/div><div class='ff-el-group ff-text-left ff_submit_btn_wrapper'><button type=\"submit\" class=\"ff-btn ff-btn-submit   ff-btn-md\" >Submit Form<\/button><\/div><\/form><div id='fluentform_2_errors' class='ff-errors-in-stack ff_form_instance_2_1 ff-form-loading_errors ff_form_instance_2_1_errors'><\/div><\/div>        <script type=\"text\/javascript\">\n            window.fluent_form_ff_form_instance_2_1 = {\"id\":\"2\",\"settings\":{\"layout\":{\"labelPlacement\":\"top\",\"helpMessagePlacement\":\"with_label\",\"errorMessagePlacement\":\"inline\"},\"restrictions\":{\"denyEmptySubmission\":{\"enabled\":false}}},\"form_instance\":\"ff_form_instance_2_1\",\"form_id_selector\":\"fluentform_2\",\"rules\":{\"names[first_name]\":{\"required\":{\"value\":true,\"message\":\"First Name field is required\"}},\"names[middle_name]\":{\"required\":{\"value\":false,\"message\":\"This field is required\"}},\"names[last_name]\":{\"required\":{\"value\":false,\"message\":\"This field is required\"}},\"email\":{\"required\":{\"value\":true,\"message\":\"Email field is required\"},\"email\":{\"value\":true,\"message\":\"This field must contain a valid email\"}},\"numeric-field_1\":{\"required\":{\"value\":false,\"message\":\"This field is required\"},\"numeric\":{\"value\":true,\"message\":\"This field must contain numeric value\"},\"min\":{\"value\":\"\",\"message\":\"Minimum value is \"},\"max\":{\"value\":\"\",\"message\":\"Maximum value is \"}},\"department\":{\"required\":{\"value\":false,\"message\":\"Department field is required\"}},\"subject\":{\"required\":{\"value\":false,\"message\":\"Subject field is required\"}},\"description\":{\"required\":{\"value\":false,\"message\":\"This field is required\"}}}};\n                    <\/script>\n                    <\/div>\n\n            \t\t<\/div>\n\t\t\t\t<\/div>\n\t\t\t\t\t<\/div>\n\t\t<\/div>\n\t\t\t\t\t\t\t<\/div>\n\t\t<\/section>\n\t\t\t\t\t<\/div>\n\t\t<\/div>\n\t\t\t\t\t\t\t<\/div>\n\t\t<\/section>\n\t\t\t\t<section class=\"elementor-section elementor-top-section elementor-element elementor-element-73ce153 elementor-section-full_width elementor-section-height-default elementor-section-height-default\" data-id=\"73ce153\" data-element_type=\"section\">\n\t\t\t\t\t\t<div class=\"elementor-container elementor-column-gap-default\">\n\t\t\t\t\t<div class=\"elementor-column elementor-col-100 elementor-top-column elementor-element elementor-element-c7f1197\" data-id=\"c7f1197\" data-element_type=\"column\">\n\t\t\t<div class=\"elementor-widget-wrap elementor-element-populated\">\n\t\t\t\t\t\t\t\t<div class=\"elementor-element elementor-element-b402ec0 elementor-widget elementor-widget-google_maps\" data-id=\"b402ec0\" data-element_type=\"widget\" data-widget_type=\"google_maps.default\">\n\t\t\t\t<div class=\"elementor-widget-container\">\n\t\t\t<div class=\"elementor-custom-embed\"><iframe frameborder=\"0\" scrolling=\"no\" marginheight=\"0\" marginwidth=\"0\" src=\"https:\/\/maps.google.com\/maps?q=Voigt%20Promotion%20Sp.%20z%20o.o.%20Ul.%20Fabryczna%2037%2072%20%E2%80%93%20010%20Police&amp;t=m&amp;z=5&amp;output=embed&amp;iwloc=near\" title=\"Voigt Promotion Sp. z o.o. Ul. Fabryczna 37 72 \u2013 010 Police\" aria-label=\"Voigt Promotion Sp. z o.o. Ul. Fabryczna 37 72 \u2013 010 Police\"><\/iframe><\/div>\t\t<\/div>\n\t\t\t\t<\/div>\n\t\t\t\t\t<\/div>\n\t\t<\/div>\n\t\t\t\t\t\t\t<\/div>\n\t\t<\/section>\n\t\t\t\t\t\t<\/div>\n\t\t\t\t\t<\/div>\n\t\t","protected":false},"excerpt":{"rendered":"<p>contact us If you have any questions, please go ahead and call us, email us or write in the form. We will reply asap Customer service+48 91 350 7635salessupport.one@voigt.com.pl Sales and MarketingAneta Weso\u0142owska+48 697 550 005anetaj@voigt.com.pl \u0141ukasz Makaru\u015b+48 691 707 300lukaszm@voigt.com.pl \u0141ukasz Mazurek+48 601 505 560lukaszmazurek@voigt.com.pl Company head office and productionVoigt Promotion Sp. z o.o.Ul&#8230;.<\/p>\n","protected":false},"author":2,"featured_media":0,"parent":0,"menu_order":0,"comment_status":"closed","ping_status":"closed","template":"elementor_header_footer","meta":{"_kad_post_transparent":"","_kad_post_title":"default","_kad_post_layout":"fullwidth","_kad_post_sidebar_id":"","_kad_post_content_style":"default","_kad_post_vertical_padding":"default","_kad_post_feature":"hide","_kad_post_feature_position":"","_kad_post_header":false,"_kad_post_footer":false,"footnotes":""},"class_list":["post-14","page","type-page","status-publish","hentry"],"yoast_head":"<!-- This site is optimized with the Yoast SEO plugin v16.3 - https:\/\/yoast.com\/wordpress\/plugins\/seo\/ -->\n<title>Contact - Kundeservice<\/title>\n<meta name=\"robots\" content=\"index, follow, max-snippet:-1, max-image-preview:large, max-video-preview:-1\" \/>\n<link rel=\"canonical\" href=\"https:\/\/zoedesign.dk\/tech\/contact\/\" \/>\n<meta property=\"og:locale\" content=\"en_US\" \/>\n<meta property=\"og:type\" content=\"article\" \/>\n<meta property=\"og:title\" content=\"Contact - Kundeservice\" \/>\n<meta property=\"og:description\" content=\"contact us If you have any questions, please go ahead and call us, email us or write in the form. We will reply asap Customer service+48 91 350 7635salessupport.one@voigt.com.pl Sales and MarketingAneta Weso\u0142owska+48 697 550 005anetaj@voigt.com.pl \u0141ukasz Makaru\u015b+48 691 707 300lukaszm@voigt.com.pl \u0141ukasz Mazurek+48 601 505 560lukaszmazurek@voigt.com.pl Company head office and productionVoigt Promotion Sp. z o.o.Ul....\" \/>\n<meta property=\"og:url\" content=\"https:\/\/zoedesign.dk\/tech\/contact\/\" \/>\n<meta property=\"og:site_name\" content=\"Kundeservice\" \/>\n<meta property=\"article:modified_time\" content=\"2021-06-04T06:53:56+00:00\" \/>\n<meta name=\"twitter:card\" content=\"summary_large_image\" \/>\n<meta name=\"twitter:label1\" content=\"Est. reading time\">\n\t<meta name=\"twitter:data1\" content=\"1 minute\">\n<script type=\"application\/ld+json\" class=\"yoast-schema-graph\">{\"@context\":\"https:\/\/schema.org\",\"@graph\":[{\"@type\":\"WebSite\",\"@id\":\"https:\/\/zoedesign.dk\/tech\/#website\",\"url\":\"https:\/\/zoedesign.dk\/tech\/\",\"name\":\"Kundeservice\",\"description\":\"\",\"potentialAction\":[{\"@type\":\"SearchAction\",\"target\":\"https:\/\/zoedesign.dk\/tech\/?s={search_term_string}\",\"query-input\":\"required name=search_term_string\"}],\"inLanguage\":\"en-US\"},{\"@type\":\"WebPage\",\"@id\":\"https:\/\/zoedesign.dk\/tech\/contact\/#webpage\",\"url\":\"https:\/\/zoedesign.dk\/tech\/contact\/\",\"name\":\"Contact - Kundeservice\",\"isPartOf\":{\"@id\":\"https:\/\/zoedesign.dk\/tech\/#website\"},\"datePublished\":\"2020-11-28T12:06:38+00:00\",\"dateModified\":\"2021-06-04T06:53:56+00:00\",\"breadcrumb\":{\"@id\":\"https:\/\/zoedesign.dk\/tech\/contact\/#breadcrumb\"},\"inLanguage\":\"en-US\",\"potentialAction\":[{\"@type\":\"ReadAction\",\"target\":[\"https:\/\/zoedesign.dk\/tech\/contact\/\"]}]},{\"@type\":\"BreadcrumbList\",\"@id\":\"https:\/\/zoedesign.dk\/tech\/contact\/#breadcrumb\",\"itemListElement\":[{\"@type\":\"ListItem\",\"position\":1,\"item\":{\"@type\":\"WebPage\",\"@id\":\"https:\/\/zoedesign.dk\/tech\/\",\"url\":\"https:\/\/zoedesign.dk\/tech\/\",\"name\":\"Home\"}},{\"@type\":\"ListItem\",\"position\":2,\"item\":{\"@id\":\"https:\/\/zoedesign.dk\/tech\/contact\/#webpage\"}}]}]}<\/script>\n<!-- \/ Yoast SEO plugin. -->","_links":{"self":[{"href":"https:\/\/zoedesign.dk\/tech\/wp-json\/wp\/v2\/pages\/14","targetHints":{"allow":["GET"]}}],"collection":[{"href":"https:\/\/zoedesign.dk\/tech\/wp-json\/wp\/v2\/pages"}],"about":[{"href":"https:\/\/zoedesign.dk\/tech\/wp-json\/wp\/v2\/types\/page"}],"author":[{"embeddable":true,"href":"https:\/\/zoedesign.dk\/tech\/wp-json\/wp\/v2\/users\/2"}],"replies":[{"embeddable":true,"href":"https:\/\/zoedesign.dk\/tech\/wp-json\/wp\/v2\/comments?post=14"}],"version-history":[{"count":33,"href":"https:\/\/zoedesign.dk\/tech\/wp-json\/wp\/v2\/pages\/14\/revisions"}],"predecessor-version":[{"id":1950,"href":"https:\/\/zoedesign.dk\/tech\/wp-json\/wp\/v2\/pages\/14\/revisions\/1950"}],"wp:attachment":[{"href":"https:\/\/zoedesign.dk\/tech\/wp-json\/wp\/v2\/media?parent=14"}],"curies":[{"name":"wp","href":"https:\/\/api.w.org\/{rel}","templated":true}]}}